{"id":11737,"date":"2024-12-03T11:29:18","date_gmt":"2024-12-03T10:29:18","guid":{"rendered":"https:\/\/www.asja.energy\/?page_id=11737"},"modified":"2024-12-03T11:38:46","modified_gmt":"2024-12-03T10:38:46","slug":"11737-2","status":"publish","type":"page","link":"https:\/\/www.asja.energy\/pt-br\/11737-2\/","title":{"rendered":"Fornecedores"},"content":{"rendered":"[vc_row][vc_column][vc_column_text]Os bens e servi\u00e7os adquiridos pelo Grupo Asja representam uma parte significativa dos nossos or\u00e7amentos de projetos e s\u00e3o, portanto, considerados por n\u00f3s uma \u00e1rea estrat\u00e9gica. Por esta raz\u00e3o, consideramos os nossos fornecedores e prestadores de servi\u00e7os como parceiros e atores-chave no sucesso do Grupo Asja.<\/p>\n<p>O Grupo Asja est\u00e1 empenhado em iniciar, manter e melhorar um relacionamento mutuamente ben\u00e9fico, de confian\u00e7a e de longo prazo com todos os fornecedores que se mostrem capazes de agregar valor aos servi\u00e7os que prestamos aos nossos stakeholders e clientes.<\/p>\n<p>Organizamos regularmente concursos abertos e justos para selecionar fornecedores de todo o mundo e trabalhamos arduamente para lhes oferecer oportunidades de neg\u00f3cios iguais.<\/p>\n<p>O nosso sistema de gest\u00e3o de fornecedores centra-se no desenvolvimento e melhoria cont\u00ednua da nossa lista de fornecedores homologados e \u00e9 inspirado nos seguintes princ\u00edpios:<\/p>\n<ol start=\"1\" type=\"1\">\n<li>Abordagem estruturada para a qualifica\u00e7\u00e3o dos nossos parceiros.<\/li>\n<li>Cumprimento das leis, c\u00f3digo de \u00e9tica e transpar\u00eancia comercial.<\/li>\n<li>Monitoramento constante do desempenho.<\/li>\n<li>Feedback oportuno em caso de desvio das expectativas.<\/li>\n<\/ol>\n<p>Classificamos potenciais fornecedores com base em:<\/p>\n<ul type=\"disc\">\n<li>Capacidade de atender requisitos t\u00e9cnicos, econ\u00f4micos, financeiros e organizacionais.<\/li>\n<li>Sistema de gest\u00e3o da qualidade.<\/li>\n<li>Sistema de gest\u00e3o de sa\u00fade, seguran\u00e7a e meio ambiente (HSE).<\/li>\n<li>Cumprimento da legisla\u00e7\u00e3o trabalhista e de todos os demais requisitos legais aplic\u00e1veis \u200b\u200bao desempenho de seus neg\u00f3cios.<\/li>\n<\/ul>\n<p>Promovemos tamb\u00e9m a autocandidatura de parceiros que tenham interesse em entrar em contacto connosco e apresentar os seus produtos e servi\u00e7os.<\/p>\n<p>A autoinscri\u00e7\u00e3o pode ser realizada atrav\u00e9s do nosso <strong><a href=\"https:\/\/asjastg.niuma.it\/epp\/loginMe?cspNonce=xJ8zq%2B7GJrEthqVNGlSeVHKFx98pxCJZdAgO13MctrQ%3D\" target=\"_blank\" rel=\"noopener\">portal de qualifica\u00e7\u00e3o de fornecedores<\/a><\/strong>, que envolve cadastro e preenchimento de uma s\u00e9rie de informa\u00e7\u00f5es e question\u00e1rios.<\/p>\n<p>O portal de qualifica\u00e7\u00e3o de fornecedores \u00e9 o primeiro passo obrigat\u00f3rio para a qualifica\u00e7\u00e3o de fornecedores do Grupo Asja. O processo pode continuar com a solicita\u00e7\u00e3o de documentos comprovativos adicionais e com uma ou mais visitas de avalia\u00e7\u00e3o.<\/p>\n<p>O portal permitir\u00e1 ao potencial fornecedor apresentar a sua organiza\u00e7\u00e3o, as suas instala\u00e7\u00f5es, os seus produtos e servi\u00e7os e, em caso de avalia\u00e7\u00e3o positiva, ser inclu\u00eddo no Registo de Fornecedores do Grupo Asja e, portanto, ser convidado a participar nos nossos concursos.<\/p>\n<p>Para o sucesso do Grupo Asja e para a melhoria dos seus fornecedores, o desempenho dos fornecedores ser\u00e1 monitorizado em todas as fases do relacionamento, ou seja, durante o processo de qualifica\u00e7\u00e3o, a licita\u00e7\u00e3o, a negocia\u00e7\u00e3o do contrato, a execu\u00e7\u00e3o e o encerramento de sua atua\u00e7\u00e3o.<\/p>\n<p>Pontualidade, qualidade, flexibilidade e atitude colaborativa s\u00e3o os aspectos que mais valorizamos nas nossas rela\u00e7\u00f5es com fornecedores.[\/vc_column_text][\/vc_column][\/vc_row][vc_row][vc_column]<a href=\"https:\/\/asjastg.niuma.it\/epp\/loginMe?cspNonce=xJ8zq%2B7GJrEthqVNGlSeVHKFx98pxCJZdAgO13MctrQ%3D\" class=\"vcex-button theme-button inline\" target=\"_blank\" rel=\"noopener noreferrer\"><span class=\"theme-button-inner\">portal de qualifica\u00e7\u00e3o de fornecedores<\/span><\/a> [\/vc_column][\/vc_row]\n","protected":false},"excerpt":{"rendered":"<p>[vc_row][vc_column][vc_column_text]Os bens e servi\u00e7os adquiridos pelo Grupo Asja representam uma parte significativa dos nossos or\u00e7amentos de projetos e s\u00e3o, portanto, considerados por n\u00f3s uma \u00e1rea estrat\u00e9gica. Por esta raz\u00e3o, consideramos os nossos fornecedores e prestadores de servi\u00e7os como parceiros e&hellip;<\/p>\n","protected":false},"author":1,"featured_media":0,"parent":0,"menu_order":0,"comment_status":"closed","ping_status":"closed","template":"templates\/no-sidebar.php","meta":[],"_links":{"self":[{"href":"https:\/\/www.asja.energy\/pt-br\/wp-json\/wp\/v2\/pages\/11737"}],"collection":[{"href":"https:\/\/www.asja.energy\/pt-br\/wp-json\/wp\/v2\/pages"}],"about":[{"href":"https:\/\/www.asja.energy\/pt-br\/wp-json\/wp\/v2\/types\/page"}],"author":[{"embeddable":true,"href":"https:\/\/www.asja.energy\/pt-br\/wp-json\/wp\/v2\/users\/1"}],"replies":[{"embeddable":true,"href":"https:\/\/www.asja.energy\/pt-br\/wp-json\/wp\/v2\/comments?post=11737"}],"version-history":[{"count":4,"href":"https:\/\/www.asja.energy\/pt-br\/wp-json\/wp\/v2\/pages\/11737\/revisions"}],"predecessor-version":[{"id":11741,"href":"https:\/\/www.asja.energy\/pt-br\/wp-json\/wp\/v2\/pages\/11737\/revisions\/11741"}],"wp:attachment":[{"href":"https:\/\/www.asja.energy\/pt-br\/wp-json\/wp\/v2\/media?parent=11737"}],"curies":[{"name":"wp","href":"https:\/\/api.w.org\/{rel}","templated":true}]}}